{"id":14208,"date":"2021-11-24T23:32:15","date_gmt":"2021-11-25T02:32:15","guid":{"rendered":"http:\/\/5digital.srtv.cl\/?page_id=14208"},"modified":"2023-09-13T17:50:26","modified_gmt":"2023-09-13T20:50:26","slug":"contacto","status":"publish","type":"page","link":"http:\/\/embotelladoraantillanca.cl\/index.php\/contacto\/","title":{"rendered":"Formulario de Contacto"},"content":{"rendered":"<div class=\"wpb-content-wrapper\"><section class=\"l-section wpb_row height_custom\"><div class=\"l-section-h i-cf\"><div class=\"g-cols vc_row type_default valign_top\"><div class=\"vc_col-sm-6 wpb_column vc_column_container has-fill\"><div class=\"vc_column-inner us_custom_5383a4a0\"><div class=\"wpb_wrapper\"><div class=\"wpb_text_column mititulo\" ><div class=\"wpb_wrapper\"><h4>Cont\u00e1ctenos<\/h4>\n<\/div><\/div><div class=\"w-separator size_small\"><\/div><div class=\"wpb_text_column\" ><div class=\"wpb_wrapper\">\n<div class=\"wpcf7 no-js\" id=\"wpcf7-f14313-o1\" lang=\"es-ES\" dir=\"ltr\">\n<div class=\"screen-reader-response\"><p role=\"status\" aria-live=\"polite\" aria-atomic=\"true\"><\/p> <ul><\/ul><\/div>\n<form action=\"\/index.php\/wp-json\/wp\/v2\/pages\/14208#wpcf7-f14313-o1\" method=\"post\" class=\"wpcf7-form init\" aria-label=\"Formulario de contacto\" novalidate=\"novalidate\" data-status=\"init\">\n<div style=\"display: none;\">\n<input type=\"hidden\" name=\"_wpcf7\" value=\"14313\" \/>\n<input type=\"hidden\" name=\"_wpcf7_version\" value=\"5.7.3\" \/>\n<input type=\"hidden\" name=\"_wpcf7_locale\" value=\"es_ES\" \/>\n<input type=\"hidden\" name=\"_wpcf7_unit_tag\" value=\"wpcf7-f14313-o1\" \/>\n<input type=\"hidden\" name=\"_wpcf7_container_post\" value=\"0\" \/>\n<input type=\"hidden\" name=\"_wpcf7_posted_data_hash\" value=\"\" \/>\n<input type=\"hidden\" name=\"_wpcf7_recaptcha_response\" value=\"\" \/>\n<\/div>\n<p><label>Nombre<br \/>\n<span class=\"wpcf7-form-control-wrap\" data-name=\"your-name\"><input size=\"40\" class=\"wpcf7-form-control wpcf7-text wpcf7-validates-as-required\" aria-required=\"true\" aria-invalid=\"false\" value=\"\" type=\"text\" name=\"your-name\" \/><\/span> <\/label>\n<\/p>\n<p><label>Email<br \/>\n<span class=\"wpcf7-form-control-wrap\" data-name=\"your-email\"><input size=\"40\" class=\"wpcf7-form-control wpcf7-text wpcf7-email wpcf7-validates-as-required wpcf7-validates-as-email\" aria-required=\"true\" aria-invalid=\"false\" value=\"\" type=\"email\" name=\"your-email\" \/><\/span> <\/label>\n<\/p>\n<p><label>Tel\u00e9fono<br \/>\n<span class=\"wpcf7-form-control-wrap\" data-name=\"your-tel\"><input size=\"40\" class=\"wpcf7-form-control wpcf7-text wpcf7-validates-as-required\" aria-required=\"true\" aria-invalid=\"false\" value=\"\" type=\"text\" name=\"your-tel\" \/><\/span> <\/label>\n<\/p>\n<p><label>Mensaje<br \/>\n<span class=\"wpcf7-form-control-wrap\" data-name=\"your-message\"><textarea cols=\"40\" rows=\"10\" class=\"wpcf7-form-control wpcf7-textarea wpcf7-validates-as-required\" aria-required=\"true\" aria-invalid=\"false\" name=\"your-message\"><\/textarea><\/span> <\/label>\n<\/p>\n<p><input class=\"wpcf7-form-control has-spinner wpcf7-submit\" type=\"submit\" value=\"Enviar\" \/>\n<\/p><div class=\"wpcf7-response-output\" aria-hidden=\"true\"><\/div>\n<\/form>\n<\/div>\n\n<\/div><\/div><\/div><\/div><\/div><div class=\"vc_col-sm-6 wpb_column vc_column_container\"><div class=\"vc_column-inner\"><div class=\"wpb_wrapper\"><div class=\"wpb_text_column mititulo\" ><div class=\"wpb_wrapper\"><h4>Informaci\u00f3n de contacto<\/h4>\n<\/div><\/div><div class=\"w-separator size_medium\"><\/div><div class=\"w-iconbox iconpos_top style_default color_primary align_center no_text\"><a href=\"tel:+56974971617\" class=\"w-iconbox-link\" aria-label=\"+56974971617\"><div class=\"w-iconbox-icon\"><i class=\"fas fa-phone\"><\/i><\/div><\/a><div class=\"w-iconbox-meta\"><a href=\"tel:+56974971617\" class=\"w-iconbox-link\" aria-label=\"+56974971617\"><h4 class=\"w-iconbox-title\">+56974971617<\/h4><\/a><\/div><\/div><div class=\"w-iconbox iconpos_top style_default color_primary align_center no_text\"><a target=\"_blank\" href=\"https:\/\/wa.me\/+56974971617\" rel=\"noopener\" class=\"w-iconbox-link\" aria-label=\"+56974971617\"><div class=\"w-iconbox-icon\"><i class=\"far fa-whatsapp\"><\/i><\/div><\/a><div class=\"w-iconbox-meta\"><a target=\"_blank\" href=\"https:\/\/wa.me\/+56974971617\" rel=\"noopener\" class=\"w-iconbox-link\" aria-label=\"+56974971617\"><h4 class=\"w-iconbox-title\">+56974971617<\/h4><\/a><\/div><\/div><div class=\"w-iconbox iconpos_top style_default color_primary align_center no_text\"><a href=\"mailto:antillancapurranque@antillanca.cl\" class=\"w-iconbox-link\" aria-label=\"antillancapurranque@antillanca.cl\"><div class=\"w-iconbox-icon\"><i class=\"far fa-envelope\"><\/i><\/div><\/a><div class=\"w-iconbox-meta\"><a href=\"mailto:antillancapurranque@antillanca.cl\" class=\"w-iconbox-link\" aria-label=\"antillancapurranque@antillanca.cl\"><h4 class=\"w-iconbox-title\">antillancapurranque@antillanca.cl<\/h4><\/a><\/div><\/div><div class=\"w-iconbox iconpos_top style_default color_primary align_center no_text\"><a target=\"_blank\" href=\"https:\/\/maps.app.goo.gl\/D42h3uxp5WpVGXNq9\" rel=\"noopener\" class=\"w-iconbox-link\" aria-label=\"Ruta 5 sur km 957 Purranque, Regi\u00f3n de Los Lagos\"><div class=\"w-iconbox-icon\"><i class=\"far fa-map\"><\/i><\/div><\/a><div class=\"w-iconbox-meta\"><a target=\"_blank\" href=\"https:\/\/maps.app.goo.gl\/D42h3uxp5WpVGXNq9\" rel=\"noopener\" class=\"w-iconbox-link\" aria-label=\"Ruta 5 sur km 957 Purranque, Regi\u00f3n de Los Lagos\"><h4 class=\"w-iconbox-title\">Ruta 5 sur km 957 Purranque, Regi\u00f3n de Los Lagos<\/h4><\/a><\/div><\/div><\/div><\/div><\/div><\/div><\/div><\/section><section class=\"l-section wpb_row height_custom\"><div class=\"l-section-h i-cf\"><div class=\"g-cols vc_row type_default valign_top\"><div class=\"vc_col-sm-12 wpb_column vc_column_container\"><div class=\"vc_column-inner\"><div class=\"wpb_wrapper\">[vc_raw_html]JTVCc3Bfd3BjYXJvdXNlbCUyMGlkJTNEJTIyMTkwOTYlMjIlNUQ=[\/vc_raw_html]<\/div><\/div><\/div><\/div><\/div><\/section>\n<\/div>","protected":false},"excerpt":{"rendered":"Cont\u00e1ctenos Nombre Email Tel\u00e9fono Mensaje Informaci\u00f3n de contacto +56974971617+56974971617antillancapurranque@antillanca.clRuta 5 sur km 957 Purranque, Regi\u00f3n de Los Lagos[vc_raw_html]JTVCc3Bfd3BjYXJvdXNlbCUyMGlkJTNEJTIyMTkwOTYlMjIlNUQ=[\/vc_raw_html]","protected":false},"author":7,"featured_media":0,"parent":0,"menu_order":0,"comment_status":"closed","ping_status":"closed","template":"","meta":{"footnotes":""},"_links":{"self":[{"href":"http:\/\/embotelladoraantillanca.cl\/index.php\/wp-json\/wp\/v2\/pages\/14208"}],"collection":[{"href":"http:\/\/embotelladoraantillanca.cl\/index.php\/wp-json\/wp\/v2\/pages"}],"about":[{"href":"http:\/\/embotelladoraantillanca.cl\/index.php\/wp-json\/wp\/v2\/types\/page"}],"author":[{"embeddable":true,"href":"http:\/\/embotelladoraantillanca.cl\/index.php\/wp-json\/wp\/v2\/users\/7"}],"replies":[{"embeddable":true,"href":"http:\/\/embotelladoraantillanca.cl\/index.php\/wp-json\/wp\/v2\/comments?post=14208"}],"version-history":[{"count":30,"href":"http:\/\/embotelladoraantillanca.cl\/index.php\/wp-json\/wp\/v2\/pages\/14208\/revisions"}],"predecessor-version":[{"id":19145,"href":"http:\/\/embotelladoraantillanca.cl\/index.php\/wp-json\/wp\/v2\/pages\/14208\/revisions\/19145"}],"wp:attachment":[{"href":"http:\/\/embotelladoraantillanca.cl\/index.php\/wp-json\/wp\/v2\/media?parent=14208"}],"curies":[{"name":"wp","href":"https:\/\/api.w.org\/{rel}","templated":true}]}}